
{"id":146,"date":"2017-08-30T15:03:48","date_gmt":"2017-08-30T13:03:48","guid":{"rendered":"https:\/\/przedszkole23.edu.wroclaw.pl\/?page_id=146"},"modified":"2025-08-31T18:13:13","modified_gmt":"2025-08-31T16:13:13","slug":"nasze-przedszkole","status":"publish","type":"page","link":"https:\/\/przedszkole23.edu.wroclaw.pl\/index.php\/o-przedszkolu\/nasze-przedszkole\/","title":{"rendered":"Nasze przedszkole"},"content":{"rendered":"<div class=\"wpb-content-wrapper\"><p>[vc_row][vc_column][vc_masonry_media_grid element_width=&#8221;12&#8243; grid_id=&#8221;vc_gid:1756656671447-2fa31f24-2f79-9&#8243; include=&#8221;251&#8243;][\/vc_column][\/vc_row][vc_row][vc_column][vc_column_text css=&#8221;&#8221;]<span style=\"color: #ffffff\">I<\/span><\/p>\n<p style=\"text-align: justify\"><span style=\"color: #000000\">Przedszkole nr 23 znajduje si\u0119 na osiedlu Partynice w po\u0142udniowej cz\u0119\u015bci Wroc\u0142awia, w dzielnicy Krzyki. Pi\u0119kna, zielona dzielnica Wroc\u0142awia nale\u017cy do jednego z najbardziej dynamicznie rozwijaj\u0105cych si\u0119 obszar\u00f3w pod wzgl\u0119dem demograficznym. Przedszkole 8 oddzia\u0142owe mie\u015bci 200 dzieci w odnowionym i nowoczesnym wn\u0119trzu dawnego pa\u0142acyku, otoczonym magicznym ogrodem z funkcjonalnym i atrakcyjnym placem zabaw. Teren przedszkolny sprzyja\u0107 b\u0119dzie zabawom na powietrzu oraz prowadzeniu obserwacji przyrodniczych.<\/span><\/p>\n<p style=\"text-align: justify\"><span style=\"color: #000000\">Plac\u00f3wka dysponuje w\u0142asn\u0105 kuchni\u0105, w kt\u00f3rej panie kucharki przygotowuj\u0105 pyszne i\u00a0zdrowe posi\u0142ki dla naszych dzieci.<\/span><\/p>\n<p style=\"text-align: justify\"><span style=\"color: #000000\">Sale przedszkolne wyposa\u017cone s\u0105 w r\u00f3\u017cnorodne zabawki oraz w pomoce dydaktyczne, kt\u00f3re pozwol\u0105 na realizacj\u0119 przyj\u0119tych program\u00f3w oraz koncepcji pracy przedszkola. Meble i k\u0105ciki zainteresowa\u0144 oraz zabawki zach\u0119caj\u0105 do samodzielnych, kreatywnych i swobodnych zabaw.<\/span><\/p>\n<p>&nbsp;<\/p>\n<p style=\"text-align: center\"><span style=\"color: #ff0000;font-size: 14pt\"><strong>MISJA PRZEDSZKOLA<\/strong><\/span><\/p>\n<p style=\"text-align: center\"><span style=\"color: #000000\"><strong><em>Misj\u0105 naszego Przedszkola jest zapewnienie dziecku<\/em><\/strong><\/span><\/p>\n<p style=\"text-align: center\"><em><strong><span style=\"color: #000000\">wszechstronnego rozwoju talent\u00f3w i zdolno\u015bci, poprzez rozbudzanie jego ciekawo\u015bci i\u00a0zaspokojenie naturalnej potrzeby poznania otaczaj\u0105cego \u015bwiata.<\/span><\/strong><\/em><\/p>\n<p>&nbsp;<\/p>\n<p style=\"text-align: justify\"><span style=\"color: #000000\">Praca przedszkola ukierunkowana jest na potrzeby i rozw\u00f3j osobowo\u015bci ka\u017cdego dziecka, przy szeroko poj\u0119tej wsp\u00f3\u0142pracy z rodzicami. Uwzgl\u0119dnia przede wszystkim trzy aspekty: <strong>bezpiecze\u0144stwo, tw\u00f3rczo\u015b\u0107 i\u00a0<\/strong><strong>wsp\u00f3\u0142prac\u0119, <\/strong>bo \u201e<em>Ka\u017cdy cz\u0142owiek ma w\u00a0sobie wiele mo\u017cliwo\u015bci, musi je tylko odkry\u0107.\u201d Kartezjusz<\/em><\/span><\/p>\n<p><span style=\"color: #000000\"><strong>\u00a0<\/strong><\/span><\/p>\n<p style=\"text-align: center\"><span style=\"color: #ff0000;font-size: 14pt\"><strong>WIZJA PRZEDSZKOLA<\/strong><\/span><\/p>\n<p style=\"text-align: center\"><span style=\"color: #000000\"><strong><em>\u201eNauka jest najbardziej efektywna w\u00f3wczas, kiedy sprawia rado\u015b\u0107.&#8221;\u00a0\u00a0 <\/em><\/strong><\/span><\/p>\n<p style=\"text-align: center\"><span style=\"color: #000000\"><em><strong>\u00a0 \u00a0 \u00a0 \u00a0 \u00a0 \u00a0 \u00a0 \u00a0 \u00a0 \u00a0 \u00a0 \u00a0 \u00a0 \u00a0 \u00a0 \u00a0 \u00a0 \u00a0 \u00a0 \u00a0 \u00a0 \u00a0 \u00a0 \u00a0 \u00a0 \u00a0 \u00a0 \u00a0 \u00a0 \u00a0 \u00a0 \u00a0 \u00a0 \u00a0 \u00a0 \u00a0 \u00a0 \u00a0 \u00a0 \u00a0 \u00a0 \u00a0 \u00a0 \u00a0 \u00a0 \u00a0 \u00a0 \u00a0 \u00a0 \u00a0 \u00a0 \u00a0 \u00a0 \u00a0 \u00a0 \u00a0 \u00a0 \u00a0 \u00a0 \u00a0 \u00a0 \u00a0 \u00a0 \u00a0 \u00a0 \u00a0 \u00a0 \u00a0 \u00a0 <\/strong>Peter Kline<\/em><\/span><\/p>\n<p style=\"text-align: center\"><span style=\"font-size: 14pt;font-family: arial, helvetica, sans-serif\"><a href=\"https:\/\/przedszkole23.edu.wroclaw.pl\/wp-content\/uploads\/sites\/32\/2024\/01\/Statut-Przedszkola-nr-23.pdf\">Statut Przedszkola nr 23<\/a><\/span><\/p>\n<p style=\"text-align: center\"><span style=\"font-family: arial, helvetica, sans-serif;font-size: 14pt\"><a href=\"https:\/\/przedszkole23.edu.wroclaw.pl\/wp-content\/uploads\/sites\/32\/2024\/04\/Polityka-ochrony-dzieci-przed-krzywdzeniem.pdf\">Polityka ochrony dzieci przed krzywdzeniem<\/a><\/span><\/p>\n<p><a href=\"https:\/\/przedszkole23.edu.wroclaw.pl\/wp-content\/uploads\/sites\/32\/2024\/09\/podstawa-programowa-wychowania-przedszkolnego-dla-przedszkoli-oddzialow-przedszkolnych-w-szkolach-podstawowych-oraz-innych-form-wychowania-przedszkolnego.pdf\">Podstawa-programowa-wychowania-przedszkolnego-dla-przedszkoli-oddzialow-przedszkolnych-w-szkolach-podstawowych-oraz-innych-form-wychowania-przedszkolnego<\/a>[\/vc_column_text][\/vc_column][\/vc_row][vc_row][vc_column][vc_masonry_media_grid element_width=&#8221;2&#8243; item=&#8221;mediaGrid_Default&#8221; grid_id=&#8221;vc_gid:1756656671448-429c28d0-96e4-5&#8243; include=&#8221;236,237,240,241,242,243,244,245,246,247,249,250,248,239&#8243;][\/vc_column][\/vc_row][vc_row][vc_column][\/vc_column][\/vc_row]<\/p>\n<\/div>","protected":false},"excerpt":{"rendered":"<p>[vc_row][vc_column][vc_masonry_media_grid element_width=&#8221;12&#8243; grid_id=&#8221;vc_gid:1756656671447-2fa31f24-2f79-9&#8243; include=&#8221;251&#8243;][\/vc_column][\/vc_row][vc_row][vc_column][vc_column_text css=&#8221;&#8221;]I Przedszkole nr 23 znajduje si\u0119 na osiedlu Partynice w po\u0142udniowej cz\u0119\u015bci Wroc\u0142awia, w dzielnicy Krzyki. Pi\u0119kna, zielona dzielnica Wroc\u0142awia nale\u017cy do jednego z najbardziej dynamicznie [&hellip;]<\/p>\n","protected":false},"author":15,"featured_media":0,"parent":144,"menu_order":0,"comment_status":"closed","ping_status":"closed","template":"","meta":{"footnotes":""},"class_list":["post-146","page","type-page","status-publish","hentry","clearfix"],"_links":{"self":[{"href":"https:\/\/przedszkole23.edu.wroclaw.pl\/index.php\/wp-json\/wp\/v2\/pages\/146","targetHints":{"allow":["GET"]}}],"collection":[{"href":"https:\/\/przedszkole23.edu.wroclaw.pl\/index.php\/wp-json\/wp\/v2\/pages"}],"about":[{"href":"https:\/\/przedszkole23.edu.wroclaw.pl\/index.php\/wp-json\/wp\/v2\/types\/page"}],"author":[{"embeddable":true,"href":"https:\/\/przedszkole23.edu.wroclaw.pl\/index.php\/wp-json\/wp\/v2\/users\/15"}],"replies":[{"embeddable":true,"href":"https:\/\/przedszkole23.edu.wroclaw.pl\/index.php\/wp-json\/wp\/v2\/comments?post=146"}],"version-history":[{"count":29,"href":"https:\/\/przedszkole23.edu.wroclaw.pl\/index.php\/wp-json\/wp\/v2\/pages\/146\/revisions"}],"predecessor-version":[{"id":7046,"href":"https:\/\/przedszkole23.edu.wroclaw.pl\/index.php\/wp-json\/wp\/v2\/pages\/146\/revisions\/7046"}],"up":[{"embeddable":true,"href":"https:\/\/przedszkole23.edu.wroclaw.pl\/index.php\/wp-json\/wp\/v2\/pages\/144"}],"wp:attachment":[{"href":"https:\/\/przedszkole23.edu.wroclaw.pl\/index.php\/wp-json\/wp\/v2\/media?parent=146"}],"curies":[{"name":"wp","href":"https:\/\/api.w.org\/{rel}","templated":true}]}}