
{"id":148,"date":"2017-08-30T15:04:03","date_gmt":"2017-08-30T13:04:03","guid":{"rendered":"https:\/\/przedszkole23.edu.wroclaw.pl\/?page_id=148"},"modified":"2024-08-30T15:17:24","modified_gmt":"2024-08-30T13:17:24","slug":"oplaty","status":"publish","type":"page","link":"https:\/\/przedszkole23.edu.wroclaw.pl\/index.php\/o-przedszkolu\/oplaty\/","title":{"rendered":"Op\u0142aty"},"content":{"rendered":"<div class=\"wpb-content-wrapper\"><p>[vc_row][vc_column][vc_column_text css=&#8221;.vc_custom_1725024038337{margin-right: 125px !important;margin-left: 125px !important;}&#8221;]<span style=\"font-size: 12pt;color: #000000\">Zgodnie z uchwa\u0142\u0105\u00a0 Rady Miejskiej Wroc\u0142awia nr LIII\/18\/24 z dnia 6 czerwca 2024 r.\u00a0<\/span><\/p>\n<ul>\n<li><span style=\"color: #000000;font-size: 12pt\">z dniem 01.09.2024 op\u0142aty za przedszkole s\u0105 naliczane <u>za ka\u017cd\u0105 rozpocz\u0119t\u0105 godzin\u0119 faktycznego<\/u> pobytu dziecka w przedszkolu w kwocie 1,44 z\u0142.\u00a0<\/span><\/li>\n<li><span style=\"color: #ff0000;font-family: georgia, palatino, serif;font-size: 12pt\">nowa stawka \u017cywieniowa wynosi\u00a0 13,32 z\u0142 dziennie z dniem 15.09.2023 r. zostaje wprowadzona zgodnie z Zarz\u0105dzeniem Dyrektora w porozumieniu z Departamentem Edukacji<\/span><\/li>\n<\/ul>\n<p><span style=\"color: #000000;font-size: 12pt\">Z dniem 01.09 ka\u017cdego roku bez op\u0142at do przedszkola ucz\u0119szczaj\u0105 dzieci, kt\u00f3re w danym roku szkolnym ko\u0144cz\u0105 6 lat i rozpoczynaj\u0105 roczne przygotowanie przedszkolne oraz dzieci z rodzin wielodzietnych wy\u0142\u0105cznie <span style=\"color: #0000ff\"><a style=\"color: #0000ff\" href=\"https:\/\/przedszkole23.edu.wroclaw.pl\/wp-content\/uploads\/sites\/32\/2020\/01\/Wniosek_o_zwolnienie-z-op\u0142aty-sta\u0142ej-dla-rodzin-wielodzietnych.doc\"><u>na wniosek rodzica.<\/u><\/a><\/span><u><b> <\/b><\/u><\/span><\/p>\n<p><span style=\"font-size: 12pt;color: #000000\"><u><b>Zni\u017cki<\/b><\/u><\/span><\/p>\n<p><a name=\"_GoBack\"><\/a><span style=\"color: #000000;font-size: 12pt\"> <u>Zni\u017cki udzielane s\u0105 tylko dla Rodzic\u00f3w (na wniosek) posiadaj\u0105cych co najmniej troje dzieci, pozostaj\u0105cych na ich wy\u0142\u0105cznym utrzymaniu i we wsp\u00f3lnym gospodarstwie domowym. <\/u> <u>Wnioski przyjmuje intendent przedszkola.<\/u><\/span><\/p>\n<p><span style=\"color: #000000;font-size: 12pt\">Op\u0142ata pobierana jest <b>w nieprzekraczalnym terminie do 15 ka\u017cdego m-ca<br \/>\n<\/b>na indywidualne konto <b>w systemie CARJO <\/b>podane na paskach z wysoko\u015bci odp\u0142atno\u015bci oraz w wiadomo\u015bci e-mail<\/span><\/p>\n<p><span style=\"font-size: 12pt;color: #000000\"><u><b>lub na rachunek og\u00f3lny Banku PKO BP SA 69 1020 5226 0000 6202 0579<\/b><\/u><\/span><\/p>\n<p><span style=\"font-size: 12pt;color: #000000\"><b>po uzyskaniu informacji od intendenta o wysoko\u015bci wp\u0142at.<\/b><\/span><\/p>\n<p><span style=\"color: #000000;font-size: 12pt\">\u015arodki pieni\u0119\u017cne musz\u0105 zosta\u0107 zaksi\u0119gowane do <b>15 \u2013go ka\u017cdego miesi\u0105ca<\/b>.<\/span><\/p>\n<p><span style=\"font-size: 12pt;color: #000000\"><b>Podany termin jest ostateczny.<\/b><\/span><\/p>\n<p><span style=\"font-size: 12pt;color: #000000\">Po tym terminie rozpoczyna si\u0119 procedura windykacyjna.<\/span><\/p>\n<p><span style=\"font-size: 12pt;color: #000000\">Op\u0142aty przez bank dotycz\u0105 tylko op\u0142aty sta\u0142ej oraz \u017cywienia.<\/span><\/p>\n<p style=\"text-align: center\"><span style=\"font-size: 12pt;color: #0000ff\"><a style=\"color: #0000ff\" href=\"https:\/\/przedszkole23.edu.wroclaw.pl\/wp-content\/uploads\/sites\/32\/2020\/01\/Wniosek_o_zwolnienie-z-op\u0142aty-sta\u0142ej-dla-rodzin-wielodzietnych.doc\">WNIOSEK O ZWOLNIENIE Z OP\u0141ATY STA\u0141EJ DLA RODZIN WIELODZIETNYCH<\/a><\/span><\/p>\n<p>[\/vc_column_text][\/vc_column][\/vc_row]<\/p>\n<\/div>","protected":false},"excerpt":{"rendered":"<p>[vc_row][vc_column][vc_column_text css=&#8221;.vc_custom_1725024038337{margin-right: 125px !important;margin-left: 125px !important;}&#8221;]Zgodnie z uchwa\u0142\u0105\u00a0 Rady Miejskiej Wroc\u0142awia nr LIII\/18\/24 z dnia 6 czerwca 2024 r.\u00a0 z dniem 01.09.2024 op\u0142aty za przedszkole s\u0105 naliczane za ka\u017cd\u0105 rozpocz\u0119t\u0105 [&hellip;]<\/p>\n","protected":false},"author":15,"featured_media":0,"parent":144,"menu_order":0,"comment_status":"closed","ping_status":"closed","template":"","meta":{"footnotes":""},"class_list":["post-148","page","type-page","status-publish","hentry","clearfix"],"_links":{"self":[{"href":"https:\/\/przedszkole23.edu.wroclaw.pl\/index.php\/wp-json\/wp\/v2\/pages\/148","targetHints":{"allow":["GET"]}}],"collection":[{"href":"https:\/\/przedszkole23.edu.wroclaw.pl\/index.php\/wp-json\/wp\/v2\/pages"}],"about":[{"href":"https:\/\/przedszkole23.edu.wroclaw.pl\/index.php\/wp-json\/wp\/v2\/types\/page"}],"author":[{"embeddable":true,"href":"https:\/\/przedszkole23.edu.wroclaw.pl\/index.php\/wp-json\/wp\/v2\/users\/15"}],"replies":[{"embeddable":true,"href":"https:\/\/przedszkole23.edu.wroclaw.pl\/index.php\/wp-json\/wp\/v2\/comments?post=148"}],"version-history":[{"count":23,"href":"https:\/\/przedszkole23.edu.wroclaw.pl\/index.php\/wp-json\/wp\/v2\/pages\/148\/revisions"}],"predecessor-version":[{"id":6458,"href":"https:\/\/przedszkole23.edu.wroclaw.pl\/index.php\/wp-json\/wp\/v2\/pages\/148\/revisions\/6458"}],"up":[{"embeddable":true,"href":"https:\/\/przedszkole23.edu.wroclaw.pl\/index.php\/wp-json\/wp\/v2\/pages\/144"}],"wp:attachment":[{"href":"https:\/\/przedszkole23.edu.wroclaw.pl\/index.php\/wp-json\/wp\/v2\/media?parent=148"}],"curies":[{"name":"wp","href":"https:\/\/api.w.org\/{rel}","templated":true}]}}