
{"id":150,"date":"2017-08-30T15:04:28","date_gmt":"2017-08-30T13:04:28","guid":{"rendered":"https:\/\/przedszkole23.edu.wroclaw.pl\/?page_id=150"},"modified":"2026-01-29T12:14:03","modified_gmt":"2026-01-29T11:14:03","slug":"rozklad-dnia","status":"publish","type":"page","link":"https:\/\/przedszkole23.edu.wroclaw.pl\/index.php\/o-przedszkolu\/rozklad-dnia\/","title":{"rendered":"Rozk\u0142ad dnia"},"content":{"rendered":"<ol>\n<li><span style=\"color: #000000\">W godzinach: 6:30 \u2013 8:30<\/span>\n<ul>\n<li><span style=\"color: #000000\">schodzenie si\u0119 dzieci<\/span><\/li>\n<li><span style=\"color: #000000\">zabawy z udzia\u0142em i bez udzia\u0142u nauczyciela<\/span><\/li>\n<li><span style=\"color: #000000\">dzia\u0142ania edukacyjne, w ramach podstawy programowej<\/span><\/li>\n<li><span style=\"color: #000000\">zaj\u0119cia indywidualne i korekcyjno-wyr\u00f3wnawcze<\/span><\/li>\n<li><span style=\"color: #000000\">zaj\u0119cia wspieraj\u0105ce rozw\u00f3j dziecka np. logopedyczne i z innymi specjalistami<\/span><\/li>\n<li><span style=\"color: #000000\">zabawy integruj\u0105ce grup\u0119<\/span><\/li>\n<li><span style=\"color: #000000\">zabiegi higieniczne, przygotowanie do \u015bniadania<\/span><\/li>\n<\/ul>\n<\/li>\n<li><span style=\"color: #000000\">W godzinach: 8:30\u2013 9:00 &#8211; \u015bniadanie \u00b7 przestrzeganie zasad dobrego wychowania podczas spo\u017cywania posi\u0142k\u00f3w<\/span><\/li>\n<li><span style=\"color: #000000\">W godzinach: 9:00 \u2013 11:30 \u00b7 zaj\u0119cia dydaktyczne prowadzone w oparciu o podstaw\u0119 programow\u0105: zaj\u0119cia edukacyjno-wychowawcze, dydaktyczne,<\/span>\n<ul>\n<li><span style=\"color: #000000\">zabawy ruchowe<\/span><\/li>\n<li><span style=\"color: #000000\">spacery<\/span><\/li>\n<li><span style=\"color: #000000\">pobyt na placu zabaw<\/span><\/li>\n<li><span style=\"color: #000000\">imprezy okoliczno\u015bciowe<\/span><\/li>\n<li><span style=\"color: #000000\">zaj\u0119cia dodatkowe<\/span><\/li>\n<li><span style=\"color: #000000\">przygotowanie do obiadu, zabiegi higieniczne<\/span><\/li>\n<\/ul>\n<\/li>\n<li><span style=\"color: #000000\">W godzinach: 11:30 \u2013 12:00 &#8211; obiad \u2013 zupa i podwieczorek<\/span>\n<ul>\n<li><span style=\"color: #000000\">kszta\u0142towanie nawyk\u00f3w higienicznych<\/span><\/li>\n<\/ul>\n<\/li>\n<li><span style=\"color: #000000\">W godzinach: 12:00 \u2013 14:00<\/span>\n<ul>\n<li><span style=\"color: #000000\">relaksacja (le\u017cakowanie grupy m\u0142odsze)<\/span><\/li>\n<li><span style=\"color: #000000\">s\u0142uchanie bajek czytanych i opowiadanych przez nauczyciela \u00a0<\/span><\/li>\n<li><span style=\"color: #000000\">zabawy integracyjne, planszowe, konstrukcyjne, plastycznotechniczne<\/span><\/li>\n<li><span style=\"color: #000000\">rozwijanie cech motorycznych poprzez zabawy i \u0107wiczenia ruchowe w ogrodzie<\/span><\/li>\n<li><span style=\"color: #000000\">ci\u0105g dalszy dzia\u0142a\u0144 edukacyjnych w oparciu o podstaw\u0119 programow\u0105<\/span><\/li>\n<li><span style=\"color: #000000\">przygotowanie do obiadu \u2013 II danie i podwieczorku<\/span><\/li>\n<\/ul>\n<\/li>\n<li><span style=\"color: #000000\">W godzinach: 13:30 \u2013 14:00<\/span>\n<ul>\n<li><span style=\"color: #000000\">obiad \u2013 II danie i podwieczorek<\/span><\/li>\n<li><span style=\"color: #000000\">usprawnianie technik samodzielnego spo\u017cywania posi\u0142k\u00f3w<\/span><\/li>\n<\/ul>\n<\/li>\n<li><span style=\"color: #000000\">W godzinach: 14:00 \u2013 17:00<\/span>\n<ul>\n<li><span style=\"color: #000000\">kontynuacja dzia\u0142alno\u015bci edukacyjnej \u00b7 zabawy i gry dydaktyczne,<\/span><\/li>\n<li><span style=\"color: #000000\">\u0107wiczenia gramatyczne, s\u0142ownikowe<\/span><\/li>\n<li><span style=\"color: #000000\">praca wyr\u00f3wnawcza, indywidualna<\/span><\/li>\n<li><span style=\"color: #000000\">zabawy dowolne wed\u0142ug zainteresowa\u0144<\/span><\/li>\n<li><span style=\"color: #000000\">zabawy wyzwalaj\u0105ce aktywno\u015b\u0107 motoryczn\u0105 na powietrzu<\/span><\/li>\n<li><span style=\"color: #000000\">rozchodzenie si\u0119 dzieci.<\/span><\/li>\n<\/ul>\n<\/li>\n<\/ol>\n","protected":false},"excerpt":{"rendered":"<p>W godzinach: 6:30 \u2013 8:30 schodzenie si\u0119 dzieci zabawy z udzia\u0142em i bez udzia\u0142u nauczyciela dzia\u0142ania edukacyjne, w ramach podstawy programowej zaj\u0119cia indywidualne i korekcyjno-wyr\u00f3wnawcze zaj\u0119cia wspieraj\u0105ce rozw\u00f3j dziecka np. [&hellip;]<\/p>\n","protected":false},"author":15,"featured_media":0,"parent":144,"menu_order":0,"comment_status":"closed","ping_status":"closed","template":"","meta":{"footnotes":""},"class_list":["post-150","page","type-page","status-publish","hentry","clearfix"],"_links":{"self":[{"href":"https:\/\/przedszkole23.edu.wroclaw.pl\/index.php\/wp-json\/wp\/v2\/pages\/150","targetHints":{"allow":["GET"]}}],"collection":[{"href":"https:\/\/przedszkole23.edu.wroclaw.pl\/index.php\/wp-json\/wp\/v2\/pages"}],"about":[{"href":"https:\/\/przedszkole23.edu.wroclaw.pl\/index.php\/wp-json\/wp\/v2\/types\/page"}],"author":[{"embeddable":true,"href":"https:\/\/przedszkole23.edu.wroclaw.pl\/index.php\/wp-json\/wp\/v2\/users\/15"}],"replies":[{"embeddable":true,"href":"https:\/\/przedszkole23.edu.wroclaw.pl\/index.php\/wp-json\/wp\/v2\/comments?post=150"}],"version-history":[{"count":7,"href":"https:\/\/przedszkole23.edu.wroclaw.pl\/index.php\/wp-json\/wp\/v2\/pages\/150\/revisions"}],"predecessor-version":[{"id":7121,"href":"https:\/\/przedszkole23.edu.wroclaw.pl\/index.php\/wp-json\/wp\/v2\/pages\/150\/revisions\/7121"}],"up":[{"embeddable":true,"href":"https:\/\/przedszkole23.edu.wroclaw.pl\/index.php\/wp-json\/wp\/v2\/pages\/144"}],"wp:attachment":[{"href":"https:\/\/przedszkole23.edu.wroclaw.pl\/index.php\/wp-json\/wp\/v2\/media?parent=150"}],"curies":[{"name":"wp","href":"https:\/\/api.w.org\/{rel}","templated":true}]}}