
{"id":152,"date":"2018-10-01T15:04:47","date_gmt":"2018-10-01T13:04:47","guid":{"rendered":"https:\/\/przedszkole23.edu.wroclaw.pl\/?page_id=152"},"modified":"2023-09-13T13:46:16","modified_gmt":"2023-09-13T11:46:16","slug":"oferta-edukacyjna","status":"publish","type":"page","link":"https:\/\/przedszkole23.edu.wroclaw.pl\/index.php\/oferta-edukacyjna\/","title":{"rendered":"Oferta edukacyjna"},"content":{"rendered":"<div class=\"wpb-content-wrapper\"><p>[vc_row][vc_column][vc_column_text css=&#8221;.vc_custom_1694605739585{margin-right: 50px !important;margin-left: 50px !important;}&#8221;]<\/p>\n<p class=\"western\" align=\"center\"><span style=\"color: #000000;\"><span style=\"font-family: Calibri, serif;\"><span style=\"font-size: x-large;\"><b>Zestaw program\u00f3w przyj\u0119tych do realizacji<\/b><\/span><\/span><\/span><\/p>\n<p class=\"western\" align=\"center\"><span style=\"color: #000000;\"><span style=\"font-family: Calibri, serif;\"><span style=\"font-size: x-large;\"><b>w Przedszkolu nr 23 we Wroc\u0142awiu<\/b><\/span><\/span><\/span><\/p>\n<table style=\"width: 120.691%; height: 720px;\" width=\"690\">\n<tbody>\n<tr style=\"height: 56px;\">\n<td style=\"height: 56px;\" width=\"47\"><strong>LP.<\/strong><\/td>\n<td style=\"height: 56px;\" width=\"463\"><strong>TYTU\u0141<\/strong><\/td>\n<td style=\"height: 56px;\" width=\"180\"><strong>AUTOR<\/strong><\/td>\n<\/tr>\n<tr style=\"height: 136px;\">\n<td style=\"height: 136px;\" width=\"47\"><strong>1<\/strong><\/td>\n<td style=\"height: 136px;\" width=\"463\">Wok\u00f3\u0142 przedszkola \u2013 MAC Edukacja<\/td>\n<td style=\"height: 136px;\" width=\"180\">\n<p>M. Kwa\u015bniewska<\/p>\n<p>J. Lendzion<\/p>\n<p>W.\u00a0\u017baba-\u017babi\u0144ska<\/td>\n<\/tr>\n<tr style=\"height: 104px;\">\n<td style=\"height: 104px;\" width=\"47\"><strong>2<\/strong><\/td>\n<td style=\"height: 104px;\" width=\"463\">Program gimnastyki og\u00f3lnorozwojowej z elementami gimnastyki korekcyjnej dla dzieci w wieku przedszkolnym \u201eSprawny maluch\u201d<\/td>\n<td style=\"height: 104px;\" width=\"180\">Jonathan R.<\/td>\n<\/tr>\n<tr style=\"height: 80px;\">\n<td style=\"height: 80px;\" width=\"47\"><strong>3<\/strong><\/td>\n<td style=\"height: 80px;\" width=\"463\">Program logopedyczny \u201eW podr\u00f3\u017cy do krainy logopedii &#8211; zabawa w\u00a0s\u0142owa\u201d<\/td>\n<td style=\"height: 80px;\" width=\"180\">Anna G.<\/td>\n<\/tr>\n<tr style=\"height: 168px;\">\n<td style=\"height: 168px;\" width=\"47\"><strong>4<\/strong><\/td>\n<td style=\"height: 168px;\" width=\"463\">\u201dKochamy dobrego Boga&#8221;<\/td>\n<td style=\"height: 168px;\" width=\"180\">\n<p>Komisja Wychowania Katolickiego Konferencji Episkopatu Polski<\/p>\n<p>AZ-0-01\/10 Wydawnictwo: Jedno\u015b\u0107<\/td>\n<\/tr>\n<tr style=\"height: 96px;\">\n<td style=\"height: 96px;\" width=\"47\"><strong>5<\/strong><\/td>\n<td style=\"height: 96px;\" width=\"463\">ENGLISH PLAY BOX\u201d. Program przygotowania dzieci w wieku przedszkolnym do pos\u0142ugiwania si\u0119 j\u0119zykiem angielskim<\/td>\n<td style=\"height: 96px;\" width=\"180\">\n<p>Dorota Sikora-Banasik<\/p>\n<p>Ewelina Wilkos<\/td>\n<\/tr>\n<tr style=\"height: 80px;\">\n<td style=\"height: 80px;\" width=\"47\"><strong>6<\/strong><\/td>\n<td style=\"height: 80px;\" width=\"463\">Program prozdrowotny \u201eZdrowie na start\u201d w ramach Wroc\u0142awskiej Sieci Przedszkoli i Szk\u00f3\u0142 promuj\u0105cych zdrowie<\/td>\n<td style=\"height: 80px;\" width=\"180\">Urszula O.<\/td>\n<\/tr>\n<\/tbody>\n<\/table>\n<p class=\"western\" align=\"center\"><span style=\"color: #000000;\"><span style=\"font-family: Calibri, serif;\"><span style=\"font-size: large;\"><b>PROJEKTY EDUKACYJNE REALIZOWANE <\/b><\/span><\/span><\/span><\/p>\n<p class=\"western\" align=\"center\"><span style=\"color: #000000;\"><span style=\"font-family: Calibri, serif;\"><span style=\"font-size: large;\"><b>W PRZEDSZKOLU NR 23 W ROKU SZKOLNYM 2023\/2024<\/b><\/span><\/span><\/span><\/p>\n<table style=\"width: 99.7261%;\" width=\"472\">\n<tbody>\n<tr>\n<td style=\"width: 9.11017%;\" width=\"40\"><strong>Lp.<\/strong><\/td>\n<td style=\"width: 64.6186%;\" width=\"319\"><strong>TEMATYKA<\/strong><\/td>\n<td style=\"width: 43.7736%;\" width=\"113\"><strong>TERMIN REALIZACJI<\/strong><\/td>\n<\/tr>\n<tr>\n<td style=\"width: 9.11017%;\" width=\"40\"><strong>1.\u00a0\u00a0\u00a0\u00a0 <\/strong><strong>\u00a0<\/strong><\/td>\n<td style=\"width: 64.6186%;\" width=\"319\">Kolory jesieni \u2013 p\u0119dzlem malowane.<\/td>\n<td style=\"width: 43.7736%;\" width=\"113\">Pa\u017adziernik\u00a0 2023<\/td>\n<\/tr>\n<tr>\n<td style=\"width: 9.11017%;\" width=\"40\"><strong>2.\u00a0\u00a0\u00a0\u00a0 <\/strong><strong>\u00a0<\/strong><\/td>\n<td style=\"width: 64.6186%;\" width=\"319\">Muzyka jesiennego deszczu<\/td>\n<td style=\"width: 43.7736%;\" width=\"113\">Listopad\u00a0 2023<\/td>\n<\/tr>\n<tr>\n<td style=\"width: 9.11017%;\" width=\"40\"><strong>3.\u00a0\u00a0\u00a0\u00a0 <\/strong><strong>\u00a0<\/strong><\/td>\n<td style=\"width: 64.6186%;\" width=\"319\">Zaczarowany \u015bwiat literatury i ksi\u0105\u017cki<\/td>\n<td style=\"width: 43.7736%;\" width=\"113\">Grudzie\u0144 2023<\/td>\n<\/tr>\n<tr>\n<td style=\"width: 9.11017%;\" width=\"40\"><strong>4.\u00a0\u00a0\u00a0\u00a0 <\/strong><strong>\u00a0<\/strong><\/td>\n<td style=\"width: 64.6186%;\" width=\"319\">Zakr\u0119ceni w ta\u0144cu<\/td>\n<td style=\"width: 43.7736%;\" width=\"113\">Stycze\u0144\u00a0 2023<\/td>\n<\/tr>\n<tr>\n<td style=\"width: 9.11017%;\" width=\"40\"><strong>5.\u00a0\u00a0\u00a0\u00a0 <\/strong><strong>\u00a0<\/strong><\/td>\n<td style=\"width: 64.6186%;\" width=\"319\">Zimowe dzie\u0142a<\/td>\n<td style=\"width: 43.7736%;\" width=\"113\">Luty\u00a0 2023<\/td>\n<\/tr>\n<tr>\n<td style=\"width: 9.11017%;\" width=\"40\"><strong>6.\u00a0\u00a0\u00a0\u00a0 <\/strong><strong>\u00a0<\/strong><\/td>\n<td style=\"width: 64.6186%;\" width=\"319\">Dzie\u0142a przyrody<\/td>\n<td style=\"width: 43.7736%;\" width=\"113\">Marzec 2023<\/td>\n<\/tr>\n<tr>\n<td style=\"width: 9.11017%;\" width=\"40\"><strong>7.\u00a0\u00a0\u00a0\u00a0 <\/strong><strong>\u00a0<\/strong><\/td>\n<td style=\"width: 64.6186%;\" width=\"319\">Przedszkolaki sporty znaj\u0105 i talenty odkrywaj\u0105<\/td>\n<td style=\"width: 43.7736%;\" width=\"113\">Kwiecie\u0144 2023<\/td>\n<\/tr>\n<tr>\n<td style=\"width: 9.11017%;\" width=\"40\"><strong>8.\u00a0\u00a0\u00a0\u00a0 <\/strong><strong>\u00a0<\/strong><\/td>\n<td style=\"width: 64.6186%;\" width=\"319\">Przedszkolak podr\u00f3\u017cuje po Europie- poznajemy kraje europejskie i poznajemy ich utalentowanych mieszka\u0144c\u00f3w<\/td>\n<td style=\"width: 43.7736%;\" width=\"113\">6-10 maj 2024<\/td>\n<\/tr>\n<\/tbody>\n<\/table>\n<p class=\"western\" align=\"center\"><span style=\"color: #000000;\"><span style=\"font-family: Calibri, serif;\"><span style=\"font-size: large;\"><b>Zaj\u0119cia dodatkowe w Przedszkolu nr 23 we Wroc\u0142awiu<\/b><\/span><\/span><\/span><\/p>\n<table style=\"border-color: #000000; width: 100%; height: 306px;\" border=\"1\" width=\"100%\" cellspacing=\"1\" cellpadding=\"6\">\n<tbody>\n<tr style=\"height: 59px;\">\n<td style=\"background: #fca800; border-color: #000000; height: 59px;\" bgcolor=\"#fca800\" width=\"100%\">\n<p class=\"western\" align=\"center\"><span style=\"color: #000000;\"><span style=\"font-family: Calibri, serif;\"><span style=\"font-size: large;\"><b>Zaj\u0119cia finansowane przez gmin\u0119 Wroc\u0142aw<\/b><\/span><\/span><\/span><\/p>\n<\/td>\n<\/tr>\n<tr style=\"height: 59px;\">\n<td style=\"border-color: #000000; height: 59px;\" width=\"100%\">\n<p class=\"western\" align=\"center\"><span style=\"color: #000000;\"> <span style=\"font-family: Calibri, serif;\"><span style=\"font-size: large;\">Gimnastyka<\/span><\/span><\/span><\/p>\n<\/td>\n<\/tr>\n<tr style=\"height: 59px;\">\n<td style=\"border-color: #000000; height: 59px;\" width=\"100%\">\n<p class=\"western\" align=\"center\"><span style=\"color: #000000;\"><span style=\"font-family: Calibri, serif;\"><span style=\"font-size: large;\">Religia<\/span><\/span><\/span><\/p>\n<\/td>\n<\/tr>\n<tr style=\"height: 59px;\">\n<td style=\"border-color: #000000; height: 59px;\" width=\"100%\">\n<p class=\"western\" align=\"center\"><span style=\"color: #000000;\"><span style=\"font-family: Calibri, serif;\"><span style=\"font-size: large;\">Logopeda<\/span><\/span><\/span><\/p>\n<\/td>\n<\/tr>\n<tr style=\"height: 70px;\">\n<td style=\"border-color: #000000; height: 70px;\" width=\"100%\">\n<p class=\"western\" align=\"center\"><span style=\"color: #000000;\"><span style=\"font-family: Calibri, serif;\"><span style=\"font-size: large;\">Mali Wspaniali <a href=\"http:\/\/mali-wspaniali.pl\/pl\/index.html\"><img loading=\"lazy\" decoding=\"async\" class=\"alignnone wp-image-4252\" src=\"https:\/\/przedszkole23.edu.wroclaw.pl\/wp-content\/uploads\/sites\/32\/2020\/10\/obraz_2020-10-08_012834-e1602148067292.png\" alt=\"\" width=\"195\" height=\"50\" \/><\/a><\/span><\/span><\/span><\/p>\n<\/td>\n<\/tr>\n<\/tbody>\n<\/table>\n<p>[\/vc_column_text][\/vc_column][\/vc_row]<\/p>\n<\/div>","protected":false},"excerpt":{"rendered":"<p>[vc_row][vc_column][vc_column_text css=&#8221;.vc_custom_1694605739585{margin-right: 50px !important;margin-left: 50px !important;}&#8221;] Zestaw program\u00f3w przyj\u0119tych do realizacji w Przedszkolu nr 23 we Wroc\u0142awiu LP. TYTU\u0141 AUTOR 1 Wok\u00f3\u0142 przedszkola \u2013 MAC Edukacja M. Kwa\u015bniewska J. Lendzion [&hellip;]<\/p>\n","protected":false},"author":15,"featured_media":0,"parent":0,"menu_order":0,"comment_status":"closed","ping_status":"closed","template":"","meta":{"footnotes":""},"class_list":["post-152","page","type-page","status-publish","hentry","clearfix"],"_links":{"self":[{"href":"https:\/\/przedszkole23.edu.wroclaw.pl\/index.php\/wp-json\/wp\/v2\/pages\/152","targetHints":{"allow":["GET"]}}],"collection":[{"href":"https:\/\/przedszkole23.edu.wroclaw.pl\/index.php\/wp-json\/wp\/v2\/pages"}],"about":[{"href":"https:\/\/przedszkole23.edu.wroclaw.pl\/index.php\/wp-json\/wp\/v2\/types\/page"}],"author":[{"embeddable":true,"href":"https:\/\/przedszkole23.edu.wroclaw.pl\/index.php\/wp-json\/wp\/v2\/users\/15"}],"replies":[{"embeddable":true,"href":"https:\/\/przedszkole23.edu.wroclaw.pl\/index.php\/wp-json\/wp\/v2\/comments?post=152"}],"version-history":[{"count":25,"href":"https:\/\/przedszkole23.edu.wroclaw.pl\/index.php\/wp-json\/wp\/v2\/pages\/152\/revisions"}],"predecessor-version":[{"id":5676,"href":"https:\/\/przedszkole23.edu.wroclaw.pl\/index.php\/wp-json\/wp\/v2\/pages\/152\/revisions\/5676"}],"wp:attachment":[{"href":"https:\/\/przedszkole23.edu.wroclaw.pl\/index.php\/wp-json\/wp\/v2\/media?parent=152"}],"curies":[{"name":"wp","href":"https:\/\/api.w.org\/{rel}","templated":true}]}}