
{"id":166,"date":"2017-08-30T15:06:44","date_gmt":"2017-08-30T13:06:44","guid":{"rendered":"https:\/\/przedszkole23.edu.wroclaw.pl\/?page_id=166"},"modified":"2024-10-21T15:15:54","modified_gmt":"2024-10-21T13:15:54","slug":"rada-rodzicow","status":"publish","type":"page","link":"https:\/\/przedszkole23.edu.wroclaw.pl\/index.php\/strefa-rodzica\/rada-rodzicow\/","title":{"rendered":"Rada rodzic\u00f3w"},"content":{"rendered":"<div class=\"wpb-content-wrapper\"><p>[vc_row][vc_column width=&#8221;1\/6&#8243;][\/vc_column][vc_column width=&#8221;2\/3&#8243;][vc_column_text css=&#8221;&#8221;]<\/p>\n<p style=\"text-align: left;\" align=\"center\"><span style=\"font-size: xx-large; color: #000000;\"><b>RADA RODZIC\u00d3W <\/b><\/span><\/p>\n<p style=\"text-align: left;\" align=\"center\"><span style=\"font-size: xx-large; color: #000000;\"><b>PRZEDSZKOLA NR 23 WE WROC\u0141AWIU:<\/b><\/span><\/p>\n<p style=\"text-align: left;\" align=\"center\"><span style=\"font-size: xx-large; color: #000000;\"><b>PRZEWODNICZ\u0104CY RADY RODZIC\u00d3W<\/b><\/span><\/p>\n<p style=\"text-align: left;\" align=\"center\"><span style=\"font-size: xx-large; color: #000000;\"><u>Jakub Bednarczyk<\/u><\/span><\/p>\n<p>[\/vc_column_text][\/vc_column][vc_column width=&#8221;1\/6&#8243;][\/vc_column][\/vc_row]<\/p>\n<\/div>","protected":false},"excerpt":{"rendered":"<p>[vc_row][vc_column width=&#8221;1\/6&#8243;][\/vc_column][vc_column width=&#8221;2\/3&#8243;][vc_column_text css=&#8221;&#8221;] RADA RODZIC\u00d3W PRZEDSZKOLA NR 23 WE WROC\u0141AWIU: PRZEWODNICZ\u0104CY RADY RODZIC\u00d3W Jakub Bednarczyk [\/vc_column_text][\/vc_column][vc_column width=&#8221;1\/6&#8243;][\/vc_column][\/vc_row]<\/p>\n","protected":false},"author":15,"featured_media":0,"parent":164,"menu_order":0,"comment_status":"closed","ping_status":"closed","template":"","meta":{"footnotes":""},"class_list":["post-166","page","type-page","status-publish","hentry","clearfix"],"_links":{"self":[{"href":"https:\/\/przedszkole23.edu.wroclaw.pl\/index.php\/wp-json\/wp\/v2\/pages\/166","targetHints":{"allow":["GET"]}}],"collection":[{"href":"https:\/\/przedszkole23.edu.wroclaw.pl\/index.php\/wp-json\/wp\/v2\/pages"}],"about":[{"href":"https:\/\/przedszkole23.edu.wroclaw.pl\/index.php\/wp-json\/wp\/v2\/types\/page"}],"author":[{"embeddable":true,"href":"https:\/\/przedszkole23.edu.wroclaw.pl\/index.php\/wp-json\/wp\/v2\/users\/15"}],"replies":[{"embeddable":true,"href":"https:\/\/przedszkole23.edu.wroclaw.pl\/index.php\/wp-json\/wp\/v2\/comments?post=166"}],"version-history":[{"count":15,"href":"https:\/\/przedszkole23.edu.wroclaw.pl\/index.php\/wp-json\/wp\/v2\/pages\/166\/revisions"}],"predecessor-version":[{"id":6490,"href":"https:\/\/przedszkole23.edu.wroclaw.pl\/index.php\/wp-json\/wp\/v2\/pages\/166\/revisions\/6490"}],"up":[{"embeddable":true,"href":"https:\/\/przedszkole23.edu.wroclaw.pl\/index.php\/wp-json\/wp\/v2\/pages\/164"}],"wp:attachment":[{"href":"https:\/\/przedszkole23.edu.wroclaw.pl\/index.php\/wp-json\/wp\/v2\/media?parent=166"}],"curies":[{"name":"wp","href":"https:\/\/api.w.org\/{rel}","templated":true}]}}