
{"id":168,"date":"2017-08-30T15:07:01","date_gmt":"2017-08-30T13:07:01","guid":{"rendered":"https:\/\/przedszkole23.edu.wroclaw.pl\/?page_id=168"},"modified":"2025-05-12T15:34:42","modified_gmt":"2025-05-12T13:34:42","slug":"do-pobrania","status":"publish","type":"page","link":"https:\/\/przedszkole23.edu.wroclaw.pl\/index.php\/strefa-rodzica\/do-pobrania\/","title":{"rendered":"Do pobrania"},"content":{"rendered":"<div class=\"wpb-content-wrapper\"><p>[vc_row][vc_column][vc_column_text css=&#8221;&#8221;]<a href=\"https:\/\/przedszkole23.edu.wroclaw.pl\/wp-content\/uploads\/sites\/32\/2024\/10\/DEKLARACJA-POBYTU-DZIECKA-W-PRZEDSZKOLU.pdf\">DEKLARACJA POBYTU DZIECKA W PRZEDSZKOLU<\/a><\/p>\n<p><a href=\"https:\/\/przedszkole23.edu.wroclaw.pl\/wp-content\/uploads\/sites\/32\/2024\/10\/Upowaznienie-do-odbioru-dziecka-z-informacja-RODO-dla-osob-upowaznionych.pdf\">UPOWA\u017bNIENIE DO ODBIORU DZIECKA Z INFORMACJ\u0104 RODO DLA OS\u00d3B UPOWA\u017bNIONYCH<\/a><\/p>\n<p><a href=\"https:\/\/przedszkole23.edu.wroclaw.pl\/wp-content\/uploads\/sites\/32\/2024\/10\/Podanie-na-wolne-miejsce.pdf\">PODANIE NA WOLNE MIEJSCE<\/a><\/p>\n<p><a href=\"https:\/\/przedszkole23.edu.wroclaw.pl\/wp-content\/uploads\/sites\/32\/2024\/10\/zgoda-rodzica-na-zajecia-psych.pdf\">ZGODA NA PROWADZENIE ZAJ\u0118\u0106 TERAPEUTYCZNYCH<\/a><\/p>\n<p><a href=\"https:\/\/przedszkole23.edu.wroclaw.pl\/wp-content\/uploads\/sites\/32\/2020\/08\/WNIOSEK-O-ZMIANE-DEKLARACJI-POBYTU-DZIECKA-W-PRZEDSZKOLU.pdf\">WNIOSEK O ZMIAN\u0118 DEKLARACJI POBYTU DZIECKA W PRZEDSZKOLU<\/a><\/p>\n<p><a href=\"https:\/\/przedszkole23.edu.wroclaw.pl\/wp-content\/uploads\/sites\/32\/2020\/08\/wniosek-rodzica-o-zorganizowanie-WWR-z-RODO.pdf\">WNIOSEK O ZORGANIZOWANIE WCZESNEGO WSPOMAGANIA Z RODO<\/a><\/p>\n<p><a href=\"https:\/\/przedszkole23.edu.wroclaw.pl\/wp-content\/uploads\/sites\/32\/2020\/08\/wniosek-pomoc-pp.pdf\">WNIOSEK O ORGANIZACJ\u0118 ZAJ\u0118\u0106 KSZTA\u0141CENIA SPECJALNEGO<\/a><\/p>\n<p><a href=\"https:\/\/przedszkole23.edu.wroclaw.pl\/wp-content\/uploads\/sites\/32\/2020\/08\/wniosek-religia-2020.pdf\">FORMULARZ O\u015aWIADCZENIA &#8211; ZAJ\u0118CIA RELIGII<\/a><\/p>\n<p><a href=\"https:\/\/przedszkole23.edu.wroclaw.pl\/wp-content\/uploads\/sites\/32\/2020\/08\/wniosek-dieta.pdf\">WNIOSEK &#8211; STOSOWANIE DIETY W \u017bYWIENIU DZIECKA<\/a><\/p>\n<p><a href=\"https:\/\/przedszkole23.edu.wroclaw.pl\/wp-content\/uploads\/sites\/32\/2020\/08\/Wycieczka-zgoda-rodzica-2020-1.pdf\">O\u015aWIADCZENIE RODZIC\u00d3W &#8211; WYCIECZKI\/WYJ\u015aCIA\/SPACERY<\/a><\/p>\n<p><a href=\"https:\/\/przedszkole23.edu.wroclaw.pl\/wp-content\/uploads\/sites\/32\/2020\/08\/erop-P-23-zasady-korzystania-z-sytemu-frekwencji-2019-2020.pdf\">ZASADY KORZYSTANIA Z SYSTEMU FREKWENCJI DZIECKA E-ROP<\/a><\/p>\n<p><a href=\"https:\/\/przedszkole23.edu.wroclaw.pl\/wp-content\/uploads\/sites\/32\/2020\/08\/rezygnacja-z-miejsca-2018.pdf\">REZYGNACJA Z MIEJSCA W PRZEDSZKOLU<\/a><\/p>\n<p><a href=\"https:\/\/przedszkole23.edu.wroclaw.pl\/wp-content\/uploads\/sites\/32\/2020\/08\/Prosba-o-wydanie-informacji-o-dziecku.pdf\">PRO\u015aBA O WYDANIE INFORMACJI O DZIECKU<\/a><\/p>\n<p><a href=\"https:\/\/przedszkole23.edu.wroclaw.pl\/wp-content\/uploads\/sites\/32\/2020\/08\/oswiadczenie-rodzica-o-zamieszkaniu-samorzadowe-1.pdf\">O\u015aWIADCZENIE RODZICA O ZAMIESZKANIU<\/a><\/p>\n<p><a href=\"https:\/\/przedszkole23.edu.wroclaw.pl\/wp-content\/uploads\/sites\/32\/2020\/08\/wniosek-o-zaswiadczenie-oplaty-1.pdf\">WNIOSEK O ZA\u015aWIADCZENIE O OP\u0141ATACH<\/a><\/p>\n<p><a href=\"https:\/\/przedszkole23.edu.wroclaw.pl\/wp-content\/uploads\/sites\/32\/2024\/10\/WNIOSEK-O-ZWOLNIENIE-Z-OPLATY-STALEJ-DLA-RODZIN-WIELODZIETNYCH.pdf\">WNIOSEK O ZWOLNIENIE Z OP\u0141ATY STA\u0141EJ DLA RODZIN WIELODZIETNYCH<\/a><\/p>\n<p><a href=\"https:\/\/przedszkole23.edu.wroclaw.pl\/wp-content\/uploads\/sites\/32\/2024\/10\/ZGODA-NA-PRZETWARZANIE-DANYCH-I-WYKORZYSTANIE-WIZERUNKU.pdf\">ZGODA NA PRZETWARZANIE DANYCH I WYKORZYSTANIE WIZERUNKU<\/a><\/p>\n<p><a href=\"https:\/\/przedszkole23.edu.wroclaw.pl\/wp-content\/uploads\/sites\/32\/2025\/05\/Deklaracja-rodzica-wakacje-lipiec-2025.pdf\">Deklaracja rodzica wakacje lipiec 2025<\/a><\/p>\n<p><a href=\"https:\/\/przedszkole23.edu.wroclaw.pl\/wp-content\/uploads\/sites\/32\/2025\/05\/Wniosek-rodzica-wakacje-sierpien-2025.pdf\">Wniosek rodzica -wakacje &#8211; sierpie\u0144 2025<\/a>[\/vc_column_text][\/vc_column][vc_column][\/vc_column][\/vc_row]<\/p>\n<\/div>","protected":false},"excerpt":{"rendered":"<p>[vc_row][vc_column][vc_column_text css=&#8221;&#8221;]DEKLARACJA POBYTU DZIECKA W PRZEDSZKOLU UPOWA\u017bNIENIE DO ODBIORU DZIECKA Z INFORMACJ\u0104 RODO DLA OS\u00d3B UPOWA\u017bNIONYCH PODANIE NA WOLNE MIEJSCE ZGODA NA PROWADZENIE ZAJ\u0118\u0106 TERAPEUTYCZNYCH WNIOSEK O ZMIAN\u0118 DEKLARACJI POBYTU [&hellip;]<\/p>\n","protected":false},"author":15,"featured_media":0,"parent":164,"menu_order":0,"comment_status":"closed","ping_status":"closed","template":"","meta":{"footnotes":""},"class_list":["post-168","page","type-page","status-publish","hentry","clearfix"],"_links":{"self":[{"href":"https:\/\/przedszkole23.edu.wroclaw.pl\/index.php\/wp-json\/wp\/v2\/pages\/168","targetHints":{"allow":["GET"]}}],"collection":[{"href":"https:\/\/przedszkole23.edu.wroclaw.pl\/index.php\/wp-json\/wp\/v2\/pages"}],"about":[{"href":"https:\/\/przedszkole23.edu.wroclaw.pl\/index.php\/wp-json\/wp\/v2\/types\/page"}],"author":[{"embeddable":true,"href":"https:\/\/przedszkole23.edu.wroclaw.pl\/index.php\/wp-json\/wp\/v2\/users\/15"}],"replies":[{"embeddable":true,"href":"https:\/\/przedszkole23.edu.wroclaw.pl\/index.php\/wp-json\/wp\/v2\/comments?post=168"}],"version-history":[{"count":66,"href":"https:\/\/przedszkole23.edu.wroclaw.pl\/index.php\/wp-json\/wp\/v2\/pages\/168\/revisions"}],"predecessor-version":[{"id":6936,"href":"https:\/\/przedszkole23.edu.wroclaw.pl\/index.php\/wp-json\/wp\/v2\/pages\/168\/revisions\/6936"}],"up":[{"embeddable":true,"href":"https:\/\/przedszkole23.edu.wroclaw.pl\/index.php\/wp-json\/wp\/v2\/pages\/164"}],"wp:attachment":[{"href":"https:\/\/przedszkole23.edu.wroclaw.pl\/index.php\/wp-json\/wp\/v2\/media?parent=168"}],"curies":[{"name":"wp","href":"https:\/\/api.w.org\/{rel}","templated":true}]}}