
{"id":656,"date":"2026-01-29T12:00:51","date_gmt":"2026-01-29T11:00:51","guid":{"rendered":"https:\/\/przedszkole23.edu.wroclaw.pl\/?page_id=656"},"modified":"2026-01-29T12:00:30","modified_gmt":"2026-01-29T11:00:30","slug":"rekrutacja-do-przedszkola","status":"publish","type":"page","link":"https:\/\/przedszkole23.edu.wroclaw.pl\/index.php\/strefa-rodzica\/rekrutacja-do-przedszkola\/","title":{"rendered":"Rekrutacja"},"content":{"rendered":"<p>&nbsp;<\/p>\n<div style=\"text-align: center\"><span style=\"font-size: 14pt;color: #000000\"><a href=\"https:\/\/www.wroclaw.pl\/rekrutacja-elektroniczna-do-szkol-i-przedszkoli-informacje\"><img loading=\"lazy\" decoding=\"async\" class=\"alignleft wp-image-665 size-medium\" src=\"https:\/\/przedszkole23.edu.wroclaw.pl\/wp-content\/uploads\/sites\/32\/2018\/03\/Rekrutacja-300x167.jpg\" alt=\"\" width=\"300\" height=\"167\" srcset=\"https:\/\/przedszkole23.edu.wroclaw.pl\/wp-content\/uploads\/sites\/32\/2018\/03\/Rekrutacja-300x167.jpg 300w, https:\/\/przedszkole23.edu.wroclaw.pl\/wp-content\/uploads\/sites\/32\/2018\/03\/Rekrutacja-600x333.jpg 600w, https:\/\/przedszkole23.edu.wroclaw.pl\/wp-content\/uploads\/sites\/32\/2018\/03\/Rekrutacja-624x347.jpg 624w, https:\/\/przedszkole23.edu.wroclaw.pl\/wp-content\/uploads\/sites\/32\/2018\/03\/Rekrutacja.jpg 630w\" sizes=\"auto, (max-width: 300px) 100vw, 300px\" \/><\/a><\/span><\/div>\n<p><span style=\"font-size: 14pt\">Szanowni Pa\u0144stwo,<\/span><\/p>\n<h2 style=\"text-align: center\"><strong>REKRUTACJA NA ROK SZKOLNY 2026\/2027<\/strong><\/h2>\n<h3 style=\"text-align: center\">Rekrutacja do przedszkoli prowadzona jest w systemie elektronicznym poprzez stron\u0119<br \/>\n<a href=\"http:\/\/rekrutacje.edu.wroclaw.pl\/\" target=\"_blank\" rel=\"noopener\">rekrutacje.edu.wroclaw.pl<\/a><\/h3>\n<p>&nbsp;<\/p>\n<div class=\"elementor-widget-wrap elementor-element-populated\">\n<div class=\"elementor-element elementor-element-c4af797 elementor-widget elementor-widget-text-editor\" data-id=\"c4af797\" data-element_type=\"widget\" data-widget_type=\"text-editor.default\">\n<p><strong>MATERIA\u0141Y INFORMACYJNE:<\/strong><\/p>\n<\/div>\n<\/div>\n<p><a href=\"https:\/\/przedszkole23.edu.wroclaw.pl\/wp-content\/uploads\/sites\/32\/2026\/01\/BIULETYN-INFORMACYJNY-2.pdf\">BIULETYN INFORMACYJNY<\/a><\/p>\n<p><a href=\"https:\/\/przedszkole23.edu.wroclaw.pl\/wp-content\/uploads\/sites\/32\/2026\/01\/INFORMACJE-OGOLNE-2.docx\">INFORMACJE OG\u00d3LNE<\/a><\/p>\n<p><a href=\"https:\/\/przedszkole23.edu.wroclaw.pl\/wp-content\/uploads\/sites\/32\/2026\/01\/KOMUNIKAT-2.docx\">KOMUNIKAT<\/a><\/p>\n<p><a href=\"https:\/\/przedszkole23.edu.wroclaw.pl\/wp-content\/uploads\/sites\/32\/2026\/01\/KONTYNUACJA-2.docx\">KONTYNUACJA<\/a><\/p>\n<p><a href=\"https:\/\/przedszkole23.edu.wroclaw.pl\/wp-content\/uploads\/sites\/32\/2026\/01\/KRYTERIA-1-2.docx\">KRYTERIA<\/a><\/p>\n<p><a href=\"https:\/\/przedszkole23.edu.wroclaw.pl\/wp-content\/uploads\/sites\/32\/2026\/01\/ODWOLANIA-2.docx\">ODWO\u0141ANIA<\/a><\/p>\n<p><a href=\"https:\/\/przedszkole23.edu.wroclaw.pl\/wp-content\/uploads\/sites\/32\/2026\/01\/DOCHOD-2.docx\">DOCH\u00d3D<\/a><\/p>\n<p><a href=\"https:\/\/przedszkole23.edu.wroclaw.pl\/wp-content\/uploads\/sites\/32\/2026\/01\/DZIECI-O-SPECJALNYCH-POTRZEBACH-1.docx\">DZIECI O SPECJALNYCH POTRZEBACH<\/a><\/p>\n<p><a href=\"https:\/\/przedszkole23.edu.wroclaw.pl\/wp-content\/uploads\/sites\/32\/2026\/01\/HARMONOGRAM-DLA-RODZICOW-ETAP-PODSTAWOWY-2.docx\">HARMONOGRAM DLA RODZIC\u00d3W &#8211; ETAP PODSTAWOWY<\/a><\/p>\n<p><a href=\"https:\/\/przedszkole23.edu.wroclaw.pl\/wp-content\/uploads\/sites\/32\/2026\/01\/HARMONOGRAM-DLA-RODZICOW-ETAP-UZUPELNIAJACY-2.docx\">HARMONOGRAM DLA RODZIC\u00d3W &#8211; ETAP UZUPE\u0141NIAJ\u0104CY<\/a><\/p>\n<p><a href=\"https:\/\/przedszkole23.edu.wroclaw.pl\/wp-content\/uploads\/sites\/32\/2026\/01\/UDZIAL-W-REKRUTACJI-2.docx\">UDZIA\u0141 W REKRUTACJI<\/a><\/p>\n<p><a href=\"https:\/\/przedszkole23.edu.wroclaw.pl\/wp-content\/uploads\/sites\/32\/2026\/01\/WSPARCIE-TECHNICZNE-2.docx\">WSPARCIE TECHNICZNE<\/a><\/p>\n<p><a href=\"https:\/\/przedszkole23.edu.wroclaw.pl\/wp-content\/uploads\/sites\/32\/2026\/01\/PODSTAWY-PRAWNE-2.docx\">PODSTAWY PRAWNE<\/a><\/p>\n<p><a href=\"https:\/\/przedszkole23.edu.wroclaw.pl\/wp-content\/uploads\/sites\/32\/2026\/01\/SAMOTNE-WYCHOWANIE-2.docx\">SAMOTNE WYCHOWANIE<\/a><\/p>\n<p>&nbsp;<\/p>\n","protected":false},"excerpt":{"rendered":"<p>&nbsp; Szanowni Pa\u0144stwo, REKRUTACJA NA ROK SZKOLNY 2026\/2027 Rekrutacja do przedszkoli prowadzona jest w systemie elektronicznym poprzez stron\u0119 rekrutacje.edu.wroclaw.pl &nbsp; MATERIA\u0141Y INFORMACYJNE: BIULETYN INFORMACYJNY INFORMACJE OG\u00d3LNE KOMUNIKAT KONTYNUACJA KRYTERIA ODWO\u0141ANIA [&hellip;]<\/p>\n","protected":false},"author":7,"featured_media":0,"parent":164,"menu_order":0,"comment_status":"closed","ping_status":"closed","template":"","meta":{"footnotes":""},"class_list":["post-656","page","type-page","status-publish","hentry","clearfix"],"_links":{"self":[{"href":"https:\/\/przedszkole23.edu.wroclaw.pl\/index.php\/wp-json\/wp\/v2\/pages\/656","targetHints":{"allow":["GET"]}}],"collection":[{"href":"https:\/\/przedszkole23.edu.wroclaw.pl\/index.php\/wp-json\/wp\/v2\/pages"}],"about":[{"href":"https:\/\/przedszkole23.edu.wroclaw.pl\/index.php\/wp-json\/wp\/v2\/types\/page"}],"author":[{"embeddable":true,"href":"https:\/\/przedszkole23.edu.wroclaw.pl\/index.php\/wp-json\/wp\/v2\/users\/7"}],"replies":[{"embeddable":true,"href":"https:\/\/przedszkole23.edu.wroclaw.pl\/index.php\/wp-json\/wp\/v2\/comments?post=656"}],"version-history":[{"count":70,"href":"https:\/\/przedszkole23.edu.wroclaw.pl\/index.php\/wp-json\/wp\/v2\/pages\/656\/revisions"}],"predecessor-version":[{"id":7120,"href":"https:\/\/przedszkole23.edu.wroclaw.pl\/index.php\/wp-json\/wp\/v2\/pages\/656\/revisions\/7120"}],"up":[{"embeddable":true,"href":"https:\/\/przedszkole23.edu.wroclaw.pl\/index.php\/wp-json\/wp\/v2\/pages\/164"}],"wp:attachment":[{"href":"https:\/\/przedszkole23.edu.wroclaw.pl\/index.php\/wp-json\/wp\/v2\/media?parent=656"}],"curies":[{"name":"wp","href":"https:\/\/api.w.org\/{rel}","templated":true}]}}