
{"id":894,"date":"2018-11-29T11:08:06","date_gmt":"2018-11-29T10:08:06","guid":{"rendered":"https:\/\/przedszkole23.edu.wroclaw.pl\/?page_id=894"},"modified":"2023-11-07T11:25:11","modified_gmt":"2023-11-07T10:25:11","slug":"sprawy-biezace","status":"publish","type":"page","link":"https:\/\/przedszkole23.edu.wroclaw.pl\/index.php\/aktualnosci\/sprawy-biezace\/","title":{"rendered":"Sprawy bie\u017c\u0105ce"},"content":{"rendered":"<div class=\"wpb-content-wrapper\"><p>[vc_row][vc_column][vc_column_text]Informacja o nowej stawce \u017cywieniowej dla dziecka.<\/p>\n<p>Informujemy, \u017ce nowa stawka \u017cywieniowa wynosi\u00a0 13,32 z\u0142 dziennie i \u00a0z dniem 15.09.2023 r. zostaje wprowadzona zgodnie z Zarz\u0105dzeniem Dyrektora nr 10\/2023\u00a0 w porozumieniu z Departamentem Edukacji.[\/vc_column_text][\/vc_column][\/vc_row]<\/p>\n<\/div>","protected":false},"excerpt":{"rendered":"<p>[vc_row][vc_column][vc_column_text]Informacja o nowej stawce \u017cywieniowej dla dziecka. Informujemy, \u017ce nowa stawka \u017cywieniowa wynosi\u00a0 13,32 z\u0142 dziennie i \u00a0z dniem 15.09.2023 r. zostaje wprowadzona zgodnie z Zarz\u0105dzeniem Dyrektora nr 10\/2023\u00a0 w [&hellip;]<\/p>\n","protected":false},"author":15,"featured_media":0,"parent":18,"menu_order":0,"comment_status":"closed","ping_status":"closed","template":"","meta":{"footnotes":""},"class_list":["post-894","page","type-page","status-publish","hentry","clearfix"],"_links":{"self":[{"href":"https:\/\/przedszkole23.edu.wroclaw.pl\/index.php\/wp-json\/wp\/v2\/pages\/894","targetHints":{"allow":["GET"]}}],"collection":[{"href":"https:\/\/przedszkole23.edu.wroclaw.pl\/index.php\/wp-json\/wp\/v2\/pages"}],"about":[{"href":"https:\/\/przedszkole23.edu.wroclaw.pl\/index.php\/wp-json\/wp\/v2\/types\/page"}],"author":[{"embeddable":true,"href":"https:\/\/przedszkole23.edu.wroclaw.pl\/index.php\/wp-json\/wp\/v2\/users\/15"}],"replies":[{"embeddable":true,"href":"https:\/\/przedszkole23.edu.wroclaw.pl\/index.php\/wp-json\/wp\/v2\/comments?post=894"}],"version-history":[{"count":8,"href":"https:\/\/przedszkole23.edu.wroclaw.pl\/index.php\/wp-json\/wp\/v2\/pages\/894\/revisions"}],"predecessor-version":[{"id":5767,"href":"https:\/\/przedszkole23.edu.wroclaw.pl\/index.php\/wp-json\/wp\/v2\/pages\/894\/revisions\/5767"}],"up":[{"embeddable":true,"href":"https:\/\/przedszkole23.edu.wroclaw.pl\/index.php\/wp-json\/wp\/v2\/pages\/18"}],"wp:attachment":[{"href":"https:\/\/przedszkole23.edu.wroclaw.pl\/index.php\/wp-json\/wp\/v2\/media?parent=894"}],"curies":[{"name":"wp","href":"https:\/\/api.w.org\/{rel}","templated":true}]}}